{"id":131,"date":"2026-02-02T07:00:00","date_gmt":"2026-02-02T06:00:00","guid":{"rendered":"http:\/\/fabrenner.w4f.eu\/gal\/?page_id=131"},"modified":"2026-02-08T14:41:23","modified_gmt":"2026-02-08T13:41:23","slug":"anmeldung","status":"publish","type":"page","link":"https:\/\/www.fabrenner.com\/gal\/anmeldung\/","title":{"rendered":"Anmeldung"},"content":{"rendered":"\n<h3 class=\"wp-block-heading\" id=\"registrierung-fur-die-anmeldung-der-klasse-5-und-der-ef\">Registrierung f\u00fcr die Anmeldung der Klasse 5 und Jahrgangsstufe EF<\/h3>\n\n\n\n<p>W\u00e4hlen Sie zun\u00e4chst die Art der Anmeldung aus (Klasse 5 oder Jahrgang EF) und klicken Sie auf &#8222;Weiter&#8220;.<\/p>\n\n\n\n<p><strong><mark style=\"background-color:color-mix(in srgb, currentColor 20%, transparent)\" class=\"has-inline-color\">Bitte bringen Sie zur <em>Anmeldung in Klasse 5<\/em> Ihr Kind mit zu diesem Termin.<\/mark><\/strong><\/p>\n\n\n\n<p>Termine k\u00f6nnen mehrfach vergeben werden. Daher werden Terminfelder nach einer Buchung nicht unbedingt deaktiviert.<\/p>\n\n\n\n<p>Es wird Ihnen nach der Buchung eine Best\u00e4tigungs-Mail zugestellt. Bitte schauen Sie u. U. in Ihrem Spam-Ordner nach.<\/p>\n\n\n\n<div class=\"wp-block-bookly-form\"><!--\nPlugin Name: Bookly - Responsive WordPress Appointment Booking and Scheduling Plugin\nPlugin URI: https:\/\/www.booking-wp-plugin.com\/?utm_source=bookly_admin&utm_medium=plugins_page&utm_campaign=plugins_page\nVersion: 26.3-->\n<style type=\"text\/css\">\n    :root {\n        --bookly-main-color: #1e73be !important;\n        --bookly-color: #1e73be !important;\n    }\n\n    <\/style><div class=\"bookly-css-root\">\n    <div id=\"bookly-form-69d019797540e\" class=\"bookly-form\" data-form_id=\"69d019797540e\" aria-live=\"polite\">\n        <div style=\"text-align: center\"><img decoding=\"async\" src=\"https:\/\/www.fabrenner.com\/gal\/wp-includes\/js\/tinymce\/skins\/lightgray\/img\/loader.gif\" alt=\"Wird geladen ...\"\/><\/div>\n    <\/div>\n<\/div>\n<script type=\"text\/javascript\">\n    (function (win, fn) {\n        var done = false, top = true,\n            doc = win.document,\n            root = doc.documentElement,\n            modern = doc.addEventListener,\n            add = modern ? 'addEventListener' : 'attachEvent',\n            rem = modern ? 'removeEventListener' : 'detachEvent',\n            pre = modern ? '' : 'on',\n            init = function (e) {\n                if (e.type == 'readystatechange') if (doc.readyState != 'complete') return;\n                (e.type == 'load' ? win : doc)[rem](pre + e.type, init, false);\n                if (!done) {\n                    done = true;\n                    fn.call(win, e.type || e);\n                }\n            },\n            poll = function () {\n                try {\n                    root.doScroll('left');\n                } catch (e) {\n                    setTimeout(poll, 50);\n                    return;\n                }\n                init('poll');\n            };\n        if (doc.readyState == 'complete') fn.call(win, 'lazy');\n        else {\n            if (!modern) if (root.doScroll) {\n                try {\n                    top = !win.frameElement;\n                } catch (e) {\n                }\n                if (top) poll();\n            }\n            doc[add](pre + 'DOMContentLoaded', init, false);\n            doc[add](pre + 'readystatechange', init, false);\n            win[add](pre + 'load', init, false);\n        }\n    })(window, function () {\n        window.bookly( {\"form_id\":\"69d019797540e\",\"status\":{\"booking\":\"new\"},\"skip_steps\":{\"service_part1\":0,\"service_part2\":1,\"extras\":1,\"time\":0,\"repeat\":1,\"cart\":1},\"errors\":{\"session_error\":\"Session-Fehler.\",\"form_id_error\":\"Formular-ID Fehler.\",\"cart_item_not_available\":\"Die eingestellte Zeit ist nicht mehr vorhanden. Bitte w\\u00e4hlen Sie ein anderes Zeitfenster\\n.\",\"pay_locally_not_available\":\"Vor Ort zahlen ist nicht verf\\u00fcgbar.\",\"invalid_gateway\":\"Ung\\u00fcltiger Zugang.\",\"payment_error\":\"Fehler.\",\"incorrect_username_password\":\"Der Benutzername oder das Passwort ist falsch.\"},\"form_attributes\":{\"hide_categories\":true,\"hide_services\":false,\"hide_staff_members\":true,\"show_number_of_persons\":false,\"hide_service_duration\":true,\"hide_locations\":true,\"hide_quantity\":true,\"hide_date\":true,\"hide_week_days\":true,\"hide_time_range\":true,\"const_category_id\":2},\"use_client_time_zone\":0,\"defaults\":{\"service_id\":0,\"staff_id\":0,\"location_id\":0,\"category_id\":2},\"datepicker_mode\":\"text-accent\",\"facebook\":{\"enabled\":0,\"appId\":\"\"}} );\n    });\n<\/script><\/div>\n\n\n\n<p><\/p>\n","protected":false},"excerpt":{"rendered":"<p>Registrierung f\u00fcr die Anmeldung der Klasse 5 und Jahrgangsstufe EF W\u00e4hlen Sie zun\u00e4chst die Art der Anmeldung aus (Klasse 5 oder Jahrgang EF) und klicken Sie auf &#8222;Weiter&#8220;. Bitte bringen Sie zur Anmeldung in Klasse 5 Ihr Kind mit zu diesem Termin. Termine k\u00f6nnen mehrfach vergeben werden. Daher werden Terminfelder nach einer Buchung nicht unbedingt [&hellip;]<\/p>\n","protected":false},"author":1,"featured_media":0,"parent":0,"menu_order":0,"comment_status":"closed","ping_status":"closed","template":"","meta":{"footnotes":""},"class_list":["post-131","page","type-page","status-publish","hentry"],"_links":{"self":[{"href":"https:\/\/www.fabrenner.com\/gal\/wp-json\/wp\/v2\/pages\/131","targetHints":{"allow":["GET"]}}],"collection":[{"href":"https:\/\/www.fabrenner.com\/gal\/wp-json\/wp\/v2\/pages"}],"about":[{"href":"https:\/\/www.fabrenner.com\/gal\/wp-json\/wp\/v2\/types\/page"}],"author":[{"embeddable":true,"href":"https:\/\/www.fabrenner.com\/gal\/wp-json\/wp\/v2\/users\/1"}],"replies":[{"embeddable":true,"href":"https:\/\/www.fabrenner.com\/gal\/wp-json\/wp\/v2\/comments?post=131"}],"version-history":[{"count":90,"href":"https:\/\/www.fabrenner.com\/gal\/wp-json\/wp\/v2\/pages\/131\/revisions"}],"predecessor-version":[{"id":792,"href":"https:\/\/www.fabrenner.com\/gal\/wp-json\/wp\/v2\/pages\/131\/revisions\/792"}],"wp:attachment":[{"href":"https:\/\/www.fabrenner.com\/gal\/wp-json\/wp\/v2\/media?parent=131"}],"curies":[{"name":"wp","href":"https:\/\/api.w.org\/{rel}","templated":true}]}}