{"id":6,"date":"2020-06-23T08:40:16","date_gmt":"2020-06-23T06:40:16","guid":{"rendered":"http:\/\/fabrenner.w4f.eu\/gal\/?page_id=6"},"modified":"2026-01-10T13:38:09","modified_gmt":"2026-01-10T12:38:09","slug":"das-neue-museum-oeffnet-seine-tueren-2","status":"publish","type":"page","link":"https:\/\/www.fabrenner.com\/gal\/","title":{"rendered":"Home"},"content":{"rendered":"\n<p>Herzlich Willkommen auf der Projektseite f\u00fcr das Gymnasium Am L\u00f6hrtor, Siegen. Hier k\u00f6nnen Sie nur arbeiten, wenn Ihnen die entsprechenden Webseiten-Adressen bekannt sind.<\/p>\n","protected":false},"excerpt":{"rendered":"<p>Herzlich Willkommen auf der Projektseite f\u00fcr das Gymnasium Am L\u00f6hrtor, Siegen. Hier k\u00f6nnen Sie nur arbeiten, wenn Ihnen die entsprechenden Webseiten-Adressen bekannt sind.<\/p>\n","protected":false},"author":1,"featured_media":106,"parent":0,"menu_order":0,"comment_status":"closed","ping_status":"closed","template":"","meta":{"footnotes":""},"class_list":["post-6","page","type-page","status-publish","has-post-thumbnail","hentry"],"_links":{"self":[{"href":"https:\/\/www.fabrenner.com\/gal\/wp-json\/wp\/v2\/pages\/6","targetHints":{"allow":["GET"]}}],"collection":[{"href":"https:\/\/www.fabrenner.com\/gal\/wp-json\/wp\/v2\/pages"}],"about":[{"href":"https:\/\/www.fabrenner.com\/gal\/wp-json\/wp\/v2\/types\/page"}],"author":[{"embeddable":true,"href":"https:\/\/www.fabrenner.com\/gal\/wp-json\/wp\/v2\/users\/1"}],"replies":[{"embeddable":true,"href":"https:\/\/www.fabrenner.com\/gal\/wp-json\/wp\/v2\/comments?post=6"}],"version-history":[{"count":27,"href":"https:\/\/www.fabrenner.com\/gal\/wp-json\/wp\/v2\/pages\/6\/revisions"}],"predecessor-version":[{"id":593,"href":"https:\/\/www.fabrenner.com\/gal\/wp-json\/wp\/v2\/pages\/6\/revisions\/593"}],"wp:featuredmedia":[{"embeddable":true,"href":"https:\/\/www.fabrenner.com\/gal\/wp-json\/wp\/v2\/media\/106"}],"wp:attachment":[{"href":"https:\/\/www.fabrenner.com\/gal\/wp-json\/wp\/v2\/media?parent=6"}],"curies":[{"name":"wp","href":"https:\/\/api.w.org\/{rel}","templated":true}]}}